{"id":1925,"date":"2018-01-30T11:28:22","date_gmt":"2018-01-30T11:28:22","guid":{"rendered":"https:\/\/www.olivatessen.com\/que-es\/"},"modified":"2018-03-01T11:45:27","modified_gmt":"2018-03-01T11:45:27","slug":"what-is-this","status":"publish","type":"page","link":"https:\/\/www.olivatessen.com\/en\/what-is-this\/","title":{"rendered":"What is this"},"content":{"rendered":"<p>[et_pb_section bb_built=&#8221;1&#8243; module_id=&#8221;final&#8221; _builder_version=&#8221;3.0.105&#8243; background_position=&#8221;top_right&#8221; custom_padding=&#8221;0px|0px|76.1167px|0px&#8221; next_background_color=&#8221;#000000&#8243;][et_pb_row make_fullwidth=&#8221;on&#8221; custom_padding=&#8221;0px|0px|0px|0px&#8221; disabled_on=&#8221;on|on|off&#8221; _builder_version=&#8221;3.0.105&#8243; background_size=&#8221;initial&#8221; background_position=&#8221;top_left&#8221; background_repeat=&#8221;repeat&#8221; module_alignment=&#8221;left&#8221;][et_pb_column type=&#8221;2_3&#8243;][et_pb_image src=&#8221;https:\/\/www.olivatessen.com\/wp-content\/uploads\/2018\/02\/fondoPRL-quesENG.jpg&#8221; _builder_version=&#8221;3.0.105&#8243;]<br \/>\n[\/et_pb_image][\/et_pb_column][et_pb_column type=&#8221;1_3&#8243;][et_pb_divider show_divider=&#8221;on&#8221; height=&#8221;150px&#8221; _builder_version=&#8221;3.0.105&#8243;]<br \/>\n[\/et_pb_divider][et_pb_text _builder_version=&#8221;3.0.105&#8243;]<\/p>\n<h3>WHAT IS THIS?<\/h3>\n<p>An original and modern annual publication in English, with a print-run of 15.000 copies, dedicated exclusively to the promotion of EVOO culture, gastronomy and the Mediterranean Diet, as it shines a spotlight on its key players.<\/p>\n<p>[\/et_pb_text][et_pb_text _builder_version=&#8221;3.0.105&#8243;]<\/p>\n<h3>HOW DO WE ACHIEVE IT?<\/h3>\n<p>With eye-catching and evocative articles which will help broaden awareness about extra virgin olive oil and encourage its consumption. By contributing to making EVOO an \u201cIt\u201d product by way of a fresh and elegant design and a creative layout, linking this product to a healthy and sustainable lifestyle.<\/p>\n<p>[\/et_pb_text][et_pb_text _builder_version=&#8221;3.0.105&#8243;]<\/p>\n<h3>WHERE CAN I FIND IT?<\/h3>\n<p>At Olivatessen\u2019s booth in food-fairs such as: Foodex (Japan), Summer and Winter Fancy Food Shows (New York and San Francisco), SOL (Verona), Olio Officina Festival (Milan), Alimentaria (Barcelona), Madrid Fusion (Madrid)\u2026 You will also find it at gourmet shops in main cities throughout Europe, Asia, North and South America; theme, Mediterranean and Michelin Star restaurants; distributed amongst brokers, distributors and traders of olive oil worldwide; the Horeca Channel; high-end international stores such as Harrods and Galleries Lafayette; resorts and boutique hotels; culinary organizations and cooking schools; as well as reaching the final consumer.<\/p>\n<p>[\/et_pb_text][\/et_pb_column][\/et_pb_row][et_pb_row make_fullwidth=&#8221;on&#8221; custom_padding=&#8221;0px|0px|0px|0px&#8221; disabled_on=&#8221;off|off|on&#8221; _builder_version=&#8221;3.0.105&#8243; background_size=&#8221;initial&#8221; background_position=&#8221;top_left&#8221; background_repeat=&#8221;repeat&#8221; module_alignment=&#8221;center&#8221;][et_pb_column type=&#8221;2_3&#8243;][et_pb_image src=&#8221;https:\/\/www.olivatessen.com\/wp-content\/uploads\/2018\/02\/fondoPRL-ques-1.jpg&#8221; _builder_version=&#8221;3.0.105&#8243;]<br \/>\n[\/et_pb_image][\/et_pb_column][et_pb_column type=&#8221;1_3&#8243;][et_pb_text _builder_version=&#8221;3.0.105&#8243;]<\/p>\n<h3>\u00bfQU\u00c9 ES?<\/h3>\n<p>Una original y moderna publicaci\u00f3n en ingl\u00e9s, con 15.000 ejemplares de tirada, dedicada en exclusiva a promocionar la cultura del AOVE, la gastronom\u00eda y la Dieta Mediterr\u00e1nea, y a poner en valor a sus protagonistas.<\/p>\n<p>[\/et_pb_text][et_pb_text _builder_version=&#8221;3.0.105&#8243;]<\/p>\n<h3>\u00bfC\u00d3MO LO HACEMOS?<\/h3>\n<p>Con reportajes atractivos y evocadores que fomentan el conocimiento y el consumo del virgen extra. Poniendo de moda el AOVE y asoci\u00e1ndolo a un estilo de vida placentero y sostenible. Mediante un dise\u00f1o y una maquetaci\u00f3n frescos y elegantes.<\/p>\n<p>[\/et_pb_text][et_pb_text _builder_version=&#8221;3.0.105&#8243;]<\/p>\n<h3>\u00bfD\u00d3NDE SE DISTRIBUYE?<\/h3>\n<p>En el stand propio de Olivatessen en Foodex (Jap\u00f3n), Summer y Winter Fancy Food Shows (Nueva York y San Francisco), SOL (Verona), Olio Officina Festival (Mil\u00e1n), Alimentaria (Barcelona), Madrid Fusi\u00f3n (Madrid)\u2026 Adem\u00e1s, la encontrar\u00e1s en tiendas gourmet y delicatessen de las capitales de Europa, Asia y Am\u00e9rica; restaurantes con estrellas Michelin, tem\u00e1ticos y de cocina mediterr\u00e1nea; la reciben todos los brokers, comercializadores y distribuidores a nivel mundial; el canal Horeca; grandes almacenes internacionales como Harrods o Galer\u00edas Lafayette; resorts y establecimientos dedicados al oleoturismo; asociaciones gastron\u00f3micas y escuelas de cocina; as\u00ed como el consumidor final.<\/p>\n<p>[\/et_pb_text][\/et_pb_column][\/et_pb_row][\/et_pb_section][et_pb_section bb_built=&#8221;1&#8243; fullwidth=&#8221;on&#8221; _builder_version=&#8221;3.0.47&#8243; prev_background_color=&#8221;#000000&#8243; next_background_color=&#8221;#000000&#8243;][et_pb_fullwidth_image src=&#8221;https:\/\/www.olivatessen.com\/wp-content\/uploads\/2018\/02\/qes_banner02-1.jpg&#8221; _builder_version=&#8221;3.0.105&#8243;]<br \/>\n[\/et_pb_fullwidth_image][\/et_pb_section][et_pb_section bb_built=&#8221;1&#8243; fullwidth=&#8221;off&#8221; specialty=&#8221;off&#8221; _builder_version=&#8221;3.0.101&#8243; global_module=&#8221;2294&#8243; prev_background_color=&#8221;#000000&#8243;][et_pb_row global_parent=&#8221;2294&#8243; background_position=&#8221;top_left&#8221; background_repeat=&#8221;repeat&#8221; background_size=&#8221;initial&#8221;][et_pb_column type=&#8221;4_4&#8243;][et_pb_text global_parent=&#8221;2294&#8243; _builder_version=&#8221;3.0.101&#8243; background_layout=&#8221;light&#8221;]<\/p>\n<p style=\"text-align: center;\">Awarded and recongnized for its quality in prestigious Journalism and Design Competitions<\/p>\n<h2 style=\"text-align: center;\">AWARDS<\/h2>\n<p>\r\n\t\t<div class=\"wpls-logo-showcase-slider-wrp\">\r\n\t\t\t<div class=\"wpls-logo-showcase wpls-logo-showcase-slider wpls-logo-slider wpls-design-1 has-no-animation \" id=\"wpls-logo-showcase-slider-1\" data-animation=\"\">\r\n\r\n\t\t\t<div class=\"wpls-logo-cnt \" title=\"Culture dell\u2019Olio Award, granted by Olio Officina Magazine (Italia)\">\r\n\t<div class=\"wpls-fix-box\">\r\n\t\t\t<img decoding=\"async\" class=\"wpls-logo-img\" src=\"https:\/\/www.olivatessen.com\/wp-content\/uploads\/2018\/02\/oliofficina.jpg\" alt=\"Culture dell\u2019Olio Award, granted by Olio Officina Magazine (Italia)\" \/>\r\n\t\t<\/div>\r\n\r\n\t\t<div class=\"wpls-logo-title\">Culture dell\u2019Olio Award, granted by Olio Officina Magazine (Italia)<\/div>\r\n\t<\/div><div class=\"wpls-logo-cnt \" title=\"Foods of Spain Award for Communication to the publising group  Mercacei &#8211; Edimarket Editores\">\r\n\t<div class=\"wpls-fix-box\">\r\n\t\t\t<img decoding=\"async\" class=\"wpls-logo-img\" src=\"https:\/\/www.olivatessen.com\/wp-content\/uploads\/2018\/02\/alm_espa.jpg\" alt=\"Foods of Spain Award for Communication to the publising group  Mercacei &#8211; Edimarket Editores\" \/>\r\n\t\t<\/div>\r\n\r\n\t\t<div class=\"wpls-logo-title\">Foods of Spain Award for Communication to the publising group  Mercacei &#8211; Edimarket Editores<\/div>\r\n\t<\/div><div class=\"wpls-logo-cnt \" title=\"AEEPP Award for Internationalization\">\r\n\t<div class=\"wpls-fix-box\">\r\n\t\t\t<img decoding=\"async\" class=\"wpls-logo-img\" src=\"https:\/\/www.olivatessen.com\/wp-content\/uploads\/2018\/02\/aeepp.jpg\" alt=\"AEEPP Award for Internationalization\" \/>\r\n\t\t<\/div>\r\n\r\n\t\t<div class=\"wpls-logo-title\">AEEPP Award for Internationalization<\/div>\r\n\t<\/div><div class=\"wpls-logo-cnt \" title=\"Anuaria Award for Best Design of a Periodical Publication 2017 (Gold Medal)\">\r\n\t<div class=\"wpls-fix-box\">\r\n\t\t\t<img decoding=\"async\" class=\"wpls-logo-img\" src=\"https:\/\/www.olivatessen.com\/wp-content\/uploads\/2018\/02\/anuaciar_oro.jpg\" alt=\"Anuaria Award for Best Design of a Periodical Publication 2017 (Gold Medal)\" \/>\r\n\t\t<\/div>\r\n\r\n\t\t<div class=\"wpls-logo-title\">Anuaria Award for Best Design of a Periodical Publication 2017 (Gold Medal)<\/div>\r\n\t<\/div><div class=\"wpls-logo-cnt \" title=\"Anuaria Award for Best Design of a Periodical Publication 2016\">\r\n\t<div class=\"wpls-fix-box\">\r\n\t\t\t<img decoding=\"async\" class=\"wpls-logo-img\" src=\"https:\/\/www.olivatessen.com\/wp-content\/uploads\/2018\/02\/anuaria.jpg\" alt=\"Anuaria Award for Best Design of a Periodical Publication 2016\" \/>\r\n\t\t<\/div>\r\n\r\n\t\t<div class=\"wpls-logo-title\">Anuaria Award for Best Design of a Periodical Publication 2016<\/div>\r\n\t<\/div><div class=\"wpls-logo-cnt \" title=\"Anuaria Award for Best Design of a Periodical Publication 2015\">\r\n\t<div class=\"wpls-fix-box\">\r\n\t\t\t<img decoding=\"async\" class=\"wpls-logo-img\" src=\"https:\/\/www.olivatessen.com\/wp-content\/uploads\/2018\/02\/anuaria.jpg\" alt=\"Anuaria Award for Best Design of a Periodical Publication 2015\" \/>\r\n\t\t<\/div>\r\n\r\n\t\t<div class=\"wpls-logo-title\">Anuaria Award for Best Design of a Periodical Publication 2015<\/div>\r\n\t<\/div><div class=\"wpls-logo-cnt \" title=\"Expoliva Award for Communication and Promotion of Olive Oil\">\r\n\t<div class=\"wpls-fix-box\">\r\n\t\t\t<img decoding=\"async\" class=\"wpls-logo-img\" src=\"https:\/\/www.olivatessen.com\/wp-content\/uploads\/2018\/02\/expoliva.jpg\" alt=\"Expoliva Award for Communication and Promotion of Olive Oil\" \/>\r\n\t\t<\/div>\r\n\r\n\t\t<div class=\"wpls-logo-title\">Expoliva Award for Communication and Promotion of Olive Oil<\/div>\r\n\t<\/div><div class=\"wpls-logo-cnt \" title=\"XIII AEMO Award for Dissemination of the Olive Culture\">\r\n\t<div class=\"wpls-fix-box\">\r\n\t\t\t<img decoding=\"async\" class=\"wpls-logo-img\" src=\"https:\/\/www.olivatessen.com\/wp-content\/uploads\/2018\/02\/aemo.jpg\" alt=\"XIII AEMO Award for Dissemination of the Olive Culture\" \/>\r\n\t\t<\/div>\r\n\r\n\t\t<div class=\"wpls-logo-title\">XIII AEMO Award for Dissemination of the Olive Culture<\/div>\r\n\t<\/div>\t\t\t<\/div>\r\n\t\t\t<div class=\"wpls-logo-showacse-slider-conf\" data-conf=\"{&quot;slides_column&quot;:&quot;6&quot;,&quot;slides_scroll&quot;:&quot;1&quot;,&quot;dots&quot;:&quot;false&quot;,&quot;arrows&quot;:&quot;true&quot;,&quot;autoplay&quot;:&quot;true&quot;,&quot;autoplay_interval&quot;:&quot;3000&quot;,&quot;ticker&quot;:&quot;false&quot;,&quot;speed&quot;:&quot;600&quot;,&quot;center_mode&quot;:&quot;false&quot;,&quot;loop&quot;:&quot;true&quot;,&quot;rtl&quot;:&quot;false&quot;}\"><\/div>\r\n\t\t<\/div>\r\n\r\n\t [\/et_pb_text][\/et_pb_column][\/et_pb_row][\/et_pb_section]<\/p>\n","protected":false},"excerpt":{"rendered":"<p>[et_pb_section bb_built=&#8221;1&#8243; module_id=&#8221;final&#8221; _builder_version=&#8221;3.0.105&#8243; background_position=&#8221;top_right&#8221; custom_padding=&#8221;0px|0px|76.1167px|0px&#8221; next_background_color=&#8221;#000000&#8243;][et_pb_row make_fullwidth=&#8221;on&#8221; custom_padding=&#8221;0px|0px|0px|0px&#8221; disabled_on=&#8221;on|on|off&#8221; _builder_version=&#8221;3.0.105&#8243; background_size=&#8221;initial&#8221; background_position=&#8221;top_left&#8221; background_repeat=&#8221;repeat&#8221; module_alignment=&#8221;left&#8221;][et_pb_column type=&#8221;2_3&#8243;][et_pb_image src=&#8221;https:\/\/www.olivatessen.com\/wp-content\/uploads\/2018\/02\/fondoPRL-quesENG.jpg&#8221; _builder_version=&#8221;3.0.105&#8243;] [\/et_pb_image][\/et_pb_column][et_pb_column type=&#8221;1_3&#8243;][et_pb_divider show_divider=&#8221;on&#8221; height=&#8221;150px&#8221; _builder_version=&#8221;3.0.105&#8243;] [\/et_pb_divider][et_pb_text _builder_version=&#8221;3.0.105&#8243;] WHAT IS THIS? An original and modern annual publication in English, with a print-run of 15.000 copies, dedicated exclusively to the promotion of EVOO culture, gastronomy and the Mediterranean Diet, [&hellip;]<\/p>\n","protected":false},"author":1,"featured_media":0,"parent":0,"menu_order":0,"comment_status":"closed","ping_status":"closed","template":"","meta":{"_et_pb_use_builder":"on","_et_pb_old_content":"","_et_gb_content_width":"","footnotes":""},"class_list":["post-1925","page","type-page","status-publish","hentry"],"yoast_head":"<!-- This site is optimized with the Yoast SEO plugin v27.1.1 - https:\/\/yoast.com\/product\/yoast-seo-wordpress\/ -->\n<title>What is this - Olivatessen by Mercacei<\/title>\n<meta name=\"robots\" content=\"index, follow, max-snippet:-1, max-image-preview:large, max-video-preview:-1\" \/>\n<link rel=\"canonical\" href=\"https:\/\/www.olivatessen.com\/en\/what-is-this\/\" \/>\n<meta property=\"og:locale\" content=\"en_US\" \/>\n<meta property=\"og:type\" content=\"article\" \/>\n<meta property=\"og:title\" content=\"What is this - Olivatessen by Mercacei\" \/>\n<meta property=\"og:description\" content=\"[et_pb_section bb_built=&#8221;1&#8243; module_id=&#8221;final&#8221; _builder_version=&#8221;3.0.105&#8243; background_position=&#8221;top_right&#8221; custom_padding=&#8221;0px|0px|76.1167px|0px&#8221; next_background_color=&#8221;#000000&#8243;][et_pb_row make_fullwidth=&#8221;on&#8221; custom_padding=&#8221;0px|0px|0px|0px&#8221; disabled_on=&#8221;on|on|off&#8221; _builder_version=&#8221;3.0.105&#8243; background_size=&#8221;initial&#8221; background_position=&#8221;top_left&#8221; background_repeat=&#8221;repeat&#8221; module_alignment=&#8221;left&#8221;][et_pb_column type=&#8221;2_3&#8243;][et_pb_image src=&#8221;https:\/\/www.olivatessen.com\/wp-content\/uploads\/2018\/02\/fondoPRL-quesENG.jpg&#8221; _builder_version=&#8221;3.0.105&#8243;] [\/et_pb_image][\/et_pb_column][et_pb_column type=&#8221;1_3&#8243;][et_pb_divider show_divider=&#8221;on&#8221; height=&#8221;150px&#8221; _builder_version=&#8221;3.0.105&#8243;] [\/et_pb_divider][et_pb_text _builder_version=&#8221;3.0.105&#8243;] WHAT IS THIS? An original and modern annual publication in English, with a print-run of 15.000 copies, dedicated exclusively to the promotion of EVOO culture, gastronomy and the Mediterranean Diet, [&hellip;]\" \/>\n<meta property=\"og:url\" content=\"https:\/\/www.olivatessen.com\/en\/what-is-this\/\" \/>\n<meta property=\"og:site_name\" content=\"Olivatessen by Mercacei\" \/>\n<meta property=\"article:modified_time\" content=\"2018-03-01T11:45:27+00:00\" \/>\n<meta name=\"twitter:card\" content=\"summary_large_image\" \/>\n<meta name=\"twitter:label1\" content=\"Est. reading time\" \/>\n\t<meta name=\"twitter:data1\" content=\"4 minutes\" \/>\n<script type=\"application\/ld+json\" class=\"yoast-schema-graph\">{\"@context\":\"https:\/\/schema.org\",\"@graph\":[{\"@type\":\"WebPage\",\"@id\":\"https:\/\/www.olivatessen.com\/en\/what-is-this\/\",\"url\":\"https:\/\/www.olivatessen.com\/en\/what-is-this\/\",\"name\":\"What is this - Olivatessen by Mercacei\",\"isPartOf\":{\"@id\":\"https:\/\/www.olivatessen.com\/en\/#website\"},\"datePublished\":\"2018-01-30T11:28:22+00:00\",\"dateModified\":\"2018-03-01T11:45:27+00:00\",\"breadcrumb\":{\"@id\":\"https:\/\/www.olivatessen.com\/en\/what-is-this\/#breadcrumb\"},\"inLanguage\":\"en-US\",\"potentialAction\":[{\"@type\":\"ReadAction\",\"target\":[\"https:\/\/www.olivatessen.com\/en\/what-is-this\/\"]}]},{\"@type\":\"BreadcrumbList\",\"@id\":\"https:\/\/www.olivatessen.com\/en\/what-is-this\/#breadcrumb\",\"itemListElement\":[{\"@type\":\"ListItem\",\"position\":1,\"name\":\"Portada\",\"item\":\"https:\/\/www.olivatessen.com\/en\/\"},{\"@type\":\"ListItem\",\"position\":2,\"name\":\"What is this\"}]},{\"@type\":\"WebSite\",\"@id\":\"https:\/\/www.olivatessen.com\/en\/#website\",\"url\":\"https:\/\/www.olivatessen.com\/en\/\",\"name\":\"Olivatessen by Mercacei\",\"description\":\"Una innovadora publicaci\u00f3n en ingl\u00e9s, con 15.000 ejemplares de tirada, dedicada en exclusiva a promocionar la cultura del AOVE y a poner en valor a sus productores.\",\"potentialAction\":[{\"@type\":\"SearchAction\",\"target\":{\"@type\":\"EntryPoint\",\"urlTemplate\":\"https:\/\/www.olivatessen.com\/en\/?s={search_term_string}\"},\"query-input\":{\"@type\":\"PropertyValueSpecification\",\"valueRequired\":true,\"valueName\":\"search_term_string\"}}],\"inLanguage\":\"en-US\"}]}<\/script>\n<!-- \/ Yoast SEO plugin. -->","yoast_head_json":{"title":"What is this - Olivatessen by Mercacei","robots":{"index":"index","follow":"follow","max-snippet":"max-snippet:-1","max-image-preview":"max-image-preview:large","max-video-preview":"max-video-preview:-1"},"canonical":"https:\/\/www.olivatessen.com\/en\/what-is-this\/","og_locale":"en_US","og_type":"article","og_title":"What is this - Olivatessen by Mercacei","og_description":"[et_pb_section bb_built=&#8221;1&#8243; module_id=&#8221;final&#8221; _builder_version=&#8221;3.0.105&#8243; background_position=&#8221;top_right&#8221; custom_padding=&#8221;0px|0px|76.1167px|0px&#8221; next_background_color=&#8221;#000000&#8243;][et_pb_row make_fullwidth=&#8221;on&#8221; custom_padding=&#8221;0px|0px|0px|0px&#8221; disabled_on=&#8221;on|on|off&#8221; _builder_version=&#8221;3.0.105&#8243; background_size=&#8221;initial&#8221; background_position=&#8221;top_left&#8221; background_repeat=&#8221;repeat&#8221; module_alignment=&#8221;left&#8221;][et_pb_column type=&#8221;2_3&#8243;][et_pb_image src=&#8221;https:\/\/www.olivatessen.com\/wp-content\/uploads\/2018\/02\/fondoPRL-quesENG.jpg&#8221; _builder_version=&#8221;3.0.105&#8243;] [\/et_pb_image][\/et_pb_column][et_pb_column type=&#8221;1_3&#8243;][et_pb_divider show_divider=&#8221;on&#8221; height=&#8221;150px&#8221; _builder_version=&#8221;3.0.105&#8243;] [\/et_pb_divider][et_pb_text _builder_version=&#8221;3.0.105&#8243;] WHAT IS THIS? An original and modern annual publication in English, with a print-run of 15.000 copies, dedicated exclusively to the promotion of EVOO culture, gastronomy and the Mediterranean Diet, [&hellip;]","og_url":"https:\/\/www.olivatessen.com\/en\/what-is-this\/","og_site_name":"Olivatessen by Mercacei","article_modified_time":"2018-03-01T11:45:27+00:00","twitter_card":"summary_large_image","twitter_misc":{"Est. reading time":"4 minutes"},"schema":{"@context":"https:\/\/schema.org","@graph":[{"@type":"WebPage","@id":"https:\/\/www.olivatessen.com\/en\/what-is-this\/","url":"https:\/\/www.olivatessen.com\/en\/what-is-this\/","name":"What is this - Olivatessen by Mercacei","isPartOf":{"@id":"https:\/\/www.olivatessen.com\/en\/#website"},"datePublished":"2018-01-30T11:28:22+00:00","dateModified":"2018-03-01T11:45:27+00:00","breadcrumb":{"@id":"https:\/\/www.olivatessen.com\/en\/what-is-this\/#breadcrumb"},"inLanguage":"en-US","potentialAction":[{"@type":"ReadAction","target":["https:\/\/www.olivatessen.com\/en\/what-is-this\/"]}]},{"@type":"BreadcrumbList","@id":"https:\/\/www.olivatessen.com\/en\/what-is-this\/#breadcrumb","itemListElement":[{"@type":"ListItem","position":1,"name":"Portada","item":"https:\/\/www.olivatessen.com\/en\/"},{"@type":"ListItem","position":2,"name":"What is this"}]},{"@type":"WebSite","@id":"https:\/\/www.olivatessen.com\/en\/#website","url":"https:\/\/www.olivatessen.com\/en\/","name":"Olivatessen by Mercacei","description":"Una innovadora publicaci\u00f3n en ingl\u00e9s, con 15.000 ejemplares de tirada, dedicada en exclusiva a promocionar la cultura del AOVE y a poner en valor a sus productores.","potentialAction":[{"@type":"SearchAction","target":{"@type":"EntryPoint","urlTemplate":"https:\/\/www.olivatessen.com\/en\/?s={search_term_string}"},"query-input":{"@type":"PropertyValueSpecification","valueRequired":true,"valueName":"search_term_string"}}],"inLanguage":"en-US"}]}},"_links":{"self":[{"href":"https:\/\/www.olivatessen.com\/en\/wp-json\/wp\/v2\/pages\/1925","targetHints":{"allow":["GET"]}}],"collection":[{"href":"https:\/\/www.olivatessen.com\/en\/wp-json\/wp\/v2\/pages"}],"about":[{"href":"https:\/\/www.olivatessen.com\/en\/wp-json\/wp\/v2\/types\/page"}],"author":[{"embeddable":true,"href":"https:\/\/www.olivatessen.com\/en\/wp-json\/wp\/v2\/users\/1"}],"replies":[{"embeddable":true,"href":"https:\/\/www.olivatessen.com\/en\/wp-json\/wp\/v2\/comments?post=1925"}],"version-history":[{"count":3,"href":"https:\/\/www.olivatessen.com\/en\/wp-json\/wp\/v2\/pages\/1925\/revisions"}],"predecessor-version":[{"id":2794,"href":"https:\/\/www.olivatessen.com\/en\/wp-json\/wp\/v2\/pages\/1925\/revisions\/2794"}],"wp:attachment":[{"href":"https:\/\/www.olivatessen.com\/en\/wp-json\/wp\/v2\/media?parent=1925"}],"curies":[{"name":"wp","href":"https:\/\/api.w.org\/{rel}","templated":true}]}}